{"id":412,"date":"2017-12-21T23:41:31","date_gmt":"2017-12-21T23:41:31","guid":{"rendered":"https:\/\/www.academica.school\/blog\/?page_id=412"},"modified":"2019-10-30T11:47:00","modified_gmt":"2019-10-30T11:47:00","slug":"spain-centers-map","status":"publish","type":"page","link":"https:\/\/www.academica.school\/news\/spain-centers-map\/","title":{"rendered":"Spain centers Map"},"content":{"rendered":"<div class=\"wpb-content-wrapper\"><p>[vc_row full_width=\u00bbstretch_row_content_no_spaces\u00bb full_height=\u00bbyes\u00bb columns_placement=\u00bbstretch\u00bb content_placement=\u00bbmiddle\u00bb row_arrow=\u00bb\u00bb css=\u00bb.vc_custom_1513903116346{margin-top: 84px !important;background-color: #26493f !important;background-position: center !important;background-repeat: no-repeat !important;background-size: cover !important;}\u00bb][vc_column col_pos_abs=\u00bbyes\u00bb col_pos_sta=\u00bb\u00bb css=\u00bb.vc_custom_1513903167927{margin: 0px !important;border-width: 0px !important;padding: 0px !important;}\u00bb][vc_gmaps link=\u00bb#E-8_JTNDaWZyYW1lJTIwc3JjJTNEJTIyaHR0cHMlM0ElMkYlMkZ3d3cuZ29vZ2xlLmNvbSUyRm1hcHMlMkZkJTJGZW1iZWQlM0ZtaWQlM0QxaURWeENTWWVNbVhmZENyQXU5VzhHRFl6NUhBJTI2eiUzRDclMjIlMjB3aWR0aCUzRCUyMjEwMCUyNSUyMiUyMGhlaWdodCUzRCUyMjU4MCUyMiUzRSUzQyUyRmlmcmFtZSUzRQ==\u00bb size=\u00bb\u00bb css_animation=\u00bbfadeIn\u00bb][\/vc_column][\/vc_row]<\/p>\n<\/div>","protected":false},"excerpt":{"rendered":"<p>[vc_row full_width=\u00bbstretch_row_content_no_spaces\u00bb full_height=\u00bbyes\u00bb columns_placement=\u00bbstretch\u00bb content_placement=\u00bbmiddle\u00bb row_arrow=\u00bb\u00bb css=\u00bb.vc_custom_1513903116346{margin-top: 84px !important;background-color: #26493f !important;background-position: center !important;background-repeat: no-repeat !important;background-size: cover !important;}\u00bb][vc_column col_pos_abs=\u00bbyes\u00bb col_pos_sta=\u00bb\u00bb css=\u00bb.vc_custom_1513903167927{margin: 0px !important;border-width: 0px !important;padding: 0px !important;}\u00bb][vc_gmaps link=\u00bb#E-8_JTNDaWZyYW1lJTIwc3JjJTNEJTIyaHR0cHMlM0ElMkYlMkZ3d3cuZ29vZ2xlLmNvbSUyRm1hcHMlMkZkJTJGZW1iZWQlM0ZtaWQlM0QxaURWeENTWWVNbVhmZENyQXU5VzhHRFl6NUhBJTI2eiUzRDclMjIlMjB3aWR0aCUzRCUyMjEwMCUyNSUyMiUyMGhlaWdodCUzRCUyMjU4MCUyMiUzRSUzQyUyRmlmcmFtZSUzRQ==\u00bb size=\u00bb\u00bb css_animation=\u00bbfadeIn\u00bb][\/vc_column][\/vc_row]<\/p>\n","protected":false},"author":1,"featured_media":0,"parent":0,"menu_order":0,"comment_status":"closed","ping_status":"closed","template":"page-templates\/page-full-width.php","meta":{"footnotes":""},"class_list":["post-412","page","type-page","status-publish","hentry","clearfix"],"yoast_head":"<!-- This site is optimized with the Yoast SEO plugin v27.4 - https:\/\/yoast.com\/product\/yoast-seo-wordpress\/ -->\n<title>Spain centers Map - Academica News<\/title>\n<meta name=\"robots\" content=\"index, follow, max-snippet:-1, max-image-preview:large, max-video-preview:-1\" \/>\n<link rel=\"canonical\" href=\"https:\/\/www.academica.school\/news\/spain-centers-map\/\" \/>\n<meta property=\"og:locale\" content=\"es_ES\" \/>\n<meta property=\"og:type\" content=\"article\" \/>\n<meta property=\"og:title\" content=\"Spain centers Map - Academica News\" \/>\n<meta property=\"og:description\" content=\"[vc_row full_width=\u00bbstretch_row_content_no_spaces\u00bb full_height=\u00bbyes\u00bb columns_placement=\u00bbstretch\u00bb content_placement=\u00bbmiddle\u00bb row_arrow=\u00bb\u00bb css=\u00bb.vc_custom_1513903116346{margin-top: 84px !important;background-color: #26493f !important;background-position: center !important;background-repeat: no-repeat !important;background-size: cover !important;}\u00bb][vc_column col_pos_abs=\u00bbyes\u00bb col_pos_sta=\u00bb\u00bb css=\u00bb.vc_custom_1513903167927{margin: 0px !important;border-width: 0px !important;padding: 0px !important;}\u00bb][vc_gmaps link=\u00bb#E-8_JTNDaWZyYW1lJTIwc3JjJTNEJTIyaHR0cHMlM0ElMkYlMkZ3d3cuZ29vZ2xlLmNvbSUyRm1hcHMlMkZkJTJGZW1iZWQlM0ZtaWQlM0QxaURWeENTWWVNbVhmZENyQXU5VzhHRFl6NUhBJTI2eiUzRDclMjIlMjB3aWR0aCUzRCUyMjEwMCUyNSUyMiUyMGhlaWdodCUzRCUyMjU4MCUyMiUzRSUzQyUyRmlmcmFtZSUzRQ==\u00bb size=\u00bb\u00bb css_animation=\u00bbfadeIn\u00bb][\/vc_column][\/vc_row]\" \/>\n<meta property=\"og:url\" content=\"https:\/\/www.academica.school\/news\/spain-centers-map\/\" \/>\n<meta property=\"og:site_name\" content=\"Academica News\" \/>\n<meta property=\"article:modified_time\" content=\"2019-10-30T11:47:00+00:00\" \/>\n<meta name=\"twitter:card\" content=\"summary_large_image\" \/>\n<script type=\"application\/ld+json\" class=\"yoast-schema-graph\">{\"@context\":\"https:\\\/\\\/schema.org\",\"@graph\":[{\"@type\":\"WebPage\",\"@id\":\"https:\\\/\\\/www.academica.school\\\/news\\\/spain-centers-map\\\/\",\"url\":\"https:\\\/\\\/www.academica.school\\\/news\\\/spain-centers-map\\\/\",\"name\":\"Spain centers Map - Academica News\",\"isPartOf\":{\"@id\":\"https:\\\/\\\/www.academica.school\\\/news\\\/#website\"},\"datePublished\":\"2017-12-21T23:41:31+00:00\",\"dateModified\":\"2019-10-30T11:47:00+00:00\",\"breadcrumb\":{\"@id\":\"https:\\\/\\\/www.academica.school\\\/news\\\/spain-centers-map\\\/#breadcrumb\"},\"inLanguage\":\"es\",\"potentialAction\":[{\"@type\":\"ReadAction\",\"target\":[\"https:\\\/\\\/www.academica.school\\\/news\\\/spain-centers-map\\\/\"]}]},{\"@type\":\"BreadcrumbList\",\"@id\":\"https:\\\/\\\/www.academica.school\\\/news\\\/spain-centers-map\\\/#breadcrumb\",\"itemListElement\":[{\"@type\":\"ListItem\",\"position\":1,\"name\":\"Portada\",\"item\":\"https:\\\/\\\/www.academica.school\\\/news\\\/\"},{\"@type\":\"ListItem\",\"position\":2,\"name\":\"Spain centers Map\"}]},{\"@type\":\"WebSite\",\"@id\":\"https:\\\/\\\/www.academica.school\\\/news\\\/#website\",\"url\":\"https:\\\/\\\/www.academica.school\\\/news\\\/\",\"name\":\"Academica News\",\"description\":\"todo lo que pasa en el mundo acad\u00e9mico, sobre universidades y cualquier evento o novedad en la que participemos\",\"publisher\":{\"@id\":\"https:\\\/\\\/www.academica.school\\\/news\\\/#organization\"},\"potentialAction\":[{\"@type\":\"SearchAction\",\"target\":{\"@type\":\"EntryPoint\",\"urlTemplate\":\"https:\\\/\\\/www.academica.school\\\/news\\\/?s={search_term_string}\"},\"query-input\":{\"@type\":\"PropertyValueSpecification\",\"valueRequired\":true,\"valueName\":\"search_term_string\"}}],\"inLanguage\":\"es\"},{\"@type\":\"Organization\",\"@id\":\"https:\\\/\\\/www.academica.school\\\/news\\\/#organization\",\"name\":\"Academica\",\"url\":\"https:\\\/\\\/www.academica.school\\\/news\\\/\",\"logo\":{\"@type\":\"ImageObject\",\"inLanguage\":\"es\",\"@id\":\"https:\\\/\\\/www.academica.school\\\/news\\\/#\\\/schema\\\/logo\\\/image\\\/\",\"url\":\"https:\\\/\\\/i1.wp.com\\\/www.academica.school\\\/news\\\/wp-content\\\/uploads\\\/2019\\\/11\\\/Captura-de-pantalla-2019-11-20-a-las-12.14.04.png?fit=799%2C500&ssl=1\",\"contentUrl\":\"https:\\\/\\\/i1.wp.com\\\/www.academica.school\\\/news\\\/wp-content\\\/uploads\\\/2019\\\/11\\\/Captura-de-pantalla-2019-11-20-a-las-12.14.04.png?fit=799%2C500&ssl=1\",\"width\":799,\"height\":500,\"caption\":\"Academica\"},\"image\":{\"@id\":\"https:\\\/\\\/www.academica.school\\\/news\\\/#\\\/schema\\\/logo\\\/image\\\/\"}}]}<\/script>\n<!-- \/ Yoast SEO plugin. -->","yoast_head_json":{"title":"Spain centers Map - Academica News","robots":{"index":"index","follow":"follow","max-snippet":"max-snippet:-1","max-image-preview":"max-image-preview:large","max-video-preview":"max-video-preview:-1"},"canonical":"https:\/\/www.academica.school\/news\/spain-centers-map\/","og_locale":"es_ES","og_type":"article","og_title":"Spain centers Map - Academica News","og_description":"[vc_row full_width=\u00bbstretch_row_content_no_spaces\u00bb full_height=\u00bbyes\u00bb columns_placement=\u00bbstretch\u00bb content_placement=\u00bbmiddle\u00bb row_arrow=\u00bb\u00bb css=\u00bb.vc_custom_1513903116346{margin-top: 84px !important;background-color: #26493f !important;background-position: center !important;background-repeat: no-repeat !important;background-size: cover !important;}\u00bb][vc_column col_pos_abs=\u00bbyes\u00bb col_pos_sta=\u00bb\u00bb css=\u00bb.vc_custom_1513903167927{margin: 0px !important;border-width: 0px !important;padding: 0px !important;}\u00bb][vc_gmaps link=\u00bb#E-8_JTNDaWZyYW1lJTIwc3JjJTNEJTIyaHR0cHMlM0ElMkYlMkZ3d3cuZ29vZ2xlLmNvbSUyRm1hcHMlMkZkJTJGZW1iZWQlM0ZtaWQlM0QxaURWeENTWWVNbVhmZENyQXU5VzhHRFl6NUhBJTI2eiUzRDclMjIlMjB3aWR0aCUzRCUyMjEwMCUyNSUyMiUyMGhlaWdodCUzRCUyMjU4MCUyMiUzRSUzQyUyRmlmcmFtZSUzRQ==\u00bb size=\u00bb\u00bb css_animation=\u00bbfadeIn\u00bb][\/vc_column][\/vc_row]","og_url":"https:\/\/www.academica.school\/news\/spain-centers-map\/","og_site_name":"Academica News","article_modified_time":"2019-10-30T11:47:00+00:00","twitter_card":"summary_large_image","schema":{"@context":"https:\/\/schema.org","@graph":[{"@type":"WebPage","@id":"https:\/\/www.academica.school\/news\/spain-centers-map\/","url":"https:\/\/www.academica.school\/news\/spain-centers-map\/","name":"Spain centers Map - Academica News","isPartOf":{"@id":"https:\/\/www.academica.school\/news\/#website"},"datePublished":"2017-12-21T23:41:31+00:00","dateModified":"2019-10-30T11:47:00+00:00","breadcrumb":{"@id":"https:\/\/www.academica.school\/news\/spain-centers-map\/#breadcrumb"},"inLanguage":"es","potentialAction":[{"@type":"ReadAction","target":["https:\/\/www.academica.school\/news\/spain-centers-map\/"]}]},{"@type":"BreadcrumbList","@id":"https:\/\/www.academica.school\/news\/spain-centers-map\/#breadcrumb","itemListElement":[{"@type":"ListItem","position":1,"name":"Portada","item":"https:\/\/www.academica.school\/news\/"},{"@type":"ListItem","position":2,"name":"Spain centers Map"}]},{"@type":"WebSite","@id":"https:\/\/www.academica.school\/news\/#website","url":"https:\/\/www.academica.school\/news\/","name":"Academica News","description":"todo lo que pasa en el mundo acad\u00e9mico, sobre universidades y cualquier evento o novedad en la que participemos","publisher":{"@id":"https:\/\/www.academica.school\/news\/#organization"},"potentialAction":[{"@type":"SearchAction","target":{"@type":"EntryPoint","urlTemplate":"https:\/\/www.academica.school\/news\/?s={search_term_string}"},"query-input":{"@type":"PropertyValueSpecification","valueRequired":true,"valueName":"search_term_string"}}],"inLanguage":"es"},{"@type":"Organization","@id":"https:\/\/www.academica.school\/news\/#organization","name":"Academica","url":"https:\/\/www.academica.school\/news\/","logo":{"@type":"ImageObject","inLanguage":"es","@id":"https:\/\/www.academica.school\/news\/#\/schema\/logo\/image\/","url":"https:\/\/i1.wp.com\/www.academica.school\/news\/wp-content\/uploads\/2019\/11\/Captura-de-pantalla-2019-11-20-a-las-12.14.04.png?fit=799%2C500&ssl=1","contentUrl":"https:\/\/i1.wp.com\/www.academica.school\/news\/wp-content\/uploads\/2019\/11\/Captura-de-pantalla-2019-11-20-a-las-12.14.04.png?fit=799%2C500&ssl=1","width":799,"height":500,"caption":"Academica"},"image":{"@id":"https:\/\/www.academica.school\/news\/#\/schema\/logo\/image\/"}}]}},"jetpack_sharing_enabled":true,"jetpack_shortlink":"https:\/\/wp.me\/P8RDKh-6E","jetpack-related-posts":[{"id":888,"url":"https:\/\/www.academica.school\/news\/recursos-graficos-para-colegios\/","url_meta":{"origin":412,"position":0},"title":"Recursos gr\u00e1ficos para colegios","author":"Academica Spain","date":"marzo 11, 2020","format":false,"excerpt":"[vc_section css=\".vc_custom_1584005210617{margin-top: 0px !important;margin-right: 0px !important;margin-bottom: 0px !important;margin-left: 0px !important;border-right-width: 20px !important;padding-left: 20px !important;}\"][vc_row css=\".vc_custom_1557412419350{margin-top: 60px !important;}\"][vc_column col_pos_abs=\"\" col_pos_sta=\"\" css=\".vc_custom_1557824951754{margin-top: 0px !important;padding-top: 40px !important;}\"][vc_column_text css_animation=\"fadeIn\" css=\".vc_custom_1557825012435{margin-bottom: 0px !important;}\"] Recursos gr\u00e1ficos para colegios [\/vc_column_text][vc_column_text]En esta p\u00e1gina encontrar\u00e1s recursos gr\u00e1ficos para implementar en la p\u00e1gina web del colegio y que todos, padres\u2026","rel":"","context":"Entrada similar","block_context":{"text":"Entrada similar","link":""},"img":{"alt_text":"","src":"","width":0,"height":0},"classes":[]},{"id":891,"url":"https:\/\/www.academica.school\/news\/recursos-graficos-para-colegios\/posters\/","url_meta":{"origin":412,"position":1},"title":"P\u00f3steres Academica","author":"Academica Spain","date":"marzo 11, 2020","format":false,"excerpt":"[vc_section css=\".vc_custom_1557748447157{margin: 0px !important;}\"][vc_row css=\".vc_custom_1557412419350{margin-top: 60px !important;}\"][vc_column col_pos_abs=\"\" col_pos_sta=\"\" css=\".vc_custom_1557824951754{margin-top: 0px !important;padding-top: 40px !important;}\"][vc_column_text css_animation=\"fadeIn\" css=\".vc_custom_1584005148670{margin-bottom: 0px !important;}\"] P\u00f3steres Academica para colegios [\/vc_column_text][vc_column_text]En esta p\u00e1gina puedes ver y descargar los p\u00f3steres del Diploma Dual[\/vc_column_text][\/vc_column][\/vc_row][vc_row][vc_column width=\"1\/3\"][vc_single_image image=\"894\" img_size=\"medium\" onclick=\"custom_link\" img_link_target=\"_blank\" link=\"https:\/\/www.academica.school\/a\/wp-content\/uploads\/2020\/03\/academica-Poster1.pdf\"][\/vc_column][vc_column width=\"1\/3\"][vc_single_image image=\"895\" img_size=\"medium\" onclick=\"custom_link\" img_link_target=\"_blank\" link=\"https:\/\/www.academica.school\/a\/wp-content\/uploads\/2020\/03\/academica-Poster2.pdf\"][\/vc_column][vc_column width=\"1\/3\"][vc_single_image image=\"896\" img_size=\"medium\" onclick=\"custom_link\"\u2026","rel":"","context":"Entrada similar","block_context":{"text":"Entrada similar","link":""},"img":{"alt_text":"","src":"","width":0,"height":0},"classes":[]},{"id":11,"url":"https:\/\/www.academica.school\/news\/","url_meta":{"origin":412,"position":2},"title":"News\/Blog Home","author":"Academica Spain","date":"junio 12, 2017","format":false,"excerpt":"[vc_row][vc_column][\/vc_column][\/vc_row][vc_row][vc_column css_animation=\"cms_animate fadeIn wow\" col_pos_abs=\"\" col_pos_sta=\"\" css=\".vc_custom_1574155937119{margin-top: 30px !important;}\"][cms_grid layout=\"masonry\" col_xs=\"1\" col_sm=\"2\" col_md=\"3\" col_lg=\"3\" cms_blog_layout=\"masonry\" cms_pagination=\"true\" source=\"size:15|order_by:date|order:DESC|post_type:post\" cms_template=\"cms_grid.php\"][\/vc_column][\/vc_row][vc_row][vc_column][vc_separator][\/vc_column][\/vc_row]","rel":"","context":"Entrada similar","block_context":{"text":"Entrada similar","link":""},"img":{"alt_text":"","src":"","width":0,"height":0},"classes":[]}],"_links":{"self":[{"href":"https:\/\/www.academica.school\/news\/wp-json\/wp\/v2\/pages\/412","targetHints":{"allow":["GET"]}}],"collection":[{"href":"https:\/\/www.academica.school\/news\/wp-json\/wp\/v2\/pages"}],"about":[{"href":"https:\/\/www.academica.school\/news\/wp-json\/wp\/v2\/types\/page"}],"author":[{"embeddable":true,"href":"https:\/\/www.academica.school\/news\/wp-json\/wp\/v2\/users\/1"}],"replies":[{"embeddable":true,"href":"https:\/\/www.academica.school\/news\/wp-json\/wp\/v2\/comments?post=412"}],"version-history":[{"count":26,"href":"https:\/\/www.academica.school\/news\/wp-json\/wp\/v2\/pages\/412\/revisions"}],"predecessor-version":[{"id":822,"href":"https:\/\/www.academica.school\/news\/wp-json\/wp\/v2\/pages\/412\/revisions\/822"}],"wp:attachment":[{"href":"https:\/\/www.academica.school\/news\/wp-json\/wp\/v2\/media?parent=412"}],"curies":[{"name":"wp","href":"https:\/\/api.w.org\/{rel}","templated":true}]}}